{"id":10,"date":"2026-02-04T06:46:51","date_gmt":"2026-02-04T05:46:51","guid":{"rendered":"https:\/\/marcobelardiproduction.com\/wp\/?page_id=10"},"modified":"2026-02-25T18:15:46","modified_gmt":"2026-02-25T17:15:46","slug":"home","status":"publish","type":"page","link":"https:\/\/marcobelardiproduction.com\/wp\/","title":{"rendered":"Home"},"content":{"rendered":"<div class=\"wpb-content-wrapper\"><p>[vc_row full_width=&#8221;stretch_row_content_no_spaces&#8221; woodmart_stretch_content=&#8221;section-stretch-content-no-pd&#8221; woodmart_css_id=&#8221;699f2e2087fae&#8221; responsive_spacing=&#8221;eyJwYXJhbV90eXBlIjoid29vZG1hcnRfcmVzcG9uc2l2ZV9zcGFjaW5nIiwic2VsZWN0b3JfaWQiOiI2OTlmMmUyMDg3ZmFlIiwic2hvcnRjb2RlIjoidmNfcm93IiwiZGF0YSI6eyJ0YWJsZXQiOnt9LCJtb2JpbGUiOnt9fX0=&#8221; mobile_bg_img_hidden=&#8221;no&#8221; tablet_bg_img_hidden=&#8221;no&#8221; woodmart_parallax=&#8221;0&#8243; woodmart_gradient_switch=&#8221;no&#8221; woodmart_box_shadow=&#8221;no&#8221; wd_z_index=&#8221;no&#8221; woodmart_disable_overflow=&#8221;0&#8243; row_reverse_mobile=&#8221;0&#8243; row_reverse_tablet=&#8221;0&#8243; el_class=&#8221;desktop-video&#8221;][vc_column]\n\t\t\t\t<p class=\"rs-p-wp-fix\"><\/p>\n\t\t\t\t<sr7-module data-alias=\"mb-production-video\" data-id=\"1\" id=\"SR7_1_1\" class=\"rs-ov-hidden\" data-version=\"6.7.40\">\n\t\t\t\t\t<sr7-adjuster><\/sr7-adjuster>\n\t\t\t\t\t<sr7-content>\n\t\t\t\t\t\t<sr7-slide id=\"SR7_1_1-1\" data-key=\"1\">\n\t\t\t\t\t\t\t<sr7-bg id=\"SR7_1_1-1-2\" class=\"sr7-layer\"><noscript><img decoding=\"async\" src=\"http:\/\/marcobelardiproduction.com\/wp\/wp-content\/uploads\/revslider\/video-media\/logo-mb-production_1.jpeg\" alt=\"\" title=\"logo-mb-production_1.jpeg\"><\/noscript><\/sr7-bg>\n\t\t\t\t\t\t\t<sr7-txt id=\"SR7_1_1-1-0\" class=\"sr7-layer\">START HERE<\/sr7-txt>\n\t\t\t\t\t\t<\/sr7-slide>\n\t\t\t\t\t\t<sr7-slide id=\"SR7_1_1-2\" data-key=\"2\">\n\t\t\t\t\t\t<\/sr7-slide>\n\t\t\t\t\t<\/sr7-content>\n\t\t\t\t\t<image_lists style=\"display:none\">\n\t\t\t\t\t\t<img data-src=\"\/\/marcobelardiproduction.com\/wp\/wp-content\/uploads\/revslider\/video-media\/logo-mb-production_1.jpeg\" data-libid=\"29\" data-lib=\"medialibrary\" title=\"logo-mb-production_1.jpeg\" width=\"0\" height=\"0\" data-dbsrc=\"Ly9tYXJjb2JlbGFyZGlwcm9kdWN0aW9uLmNvbS93cC93cC1jb250ZW50L3VwbG9hZHMvcmV2c2xpZGVyL3ZpZGVvLW1lZGlhL2xvZ28tbWItcHJvZHVjdGlvbl8xLmpwZWc=\"\/>\n\t\t\t\t\t<\/image_lists>\n\t\t\t\t<\/sr7-module>\n\t\t\t\t<script>\n\t\t\t\t\tSR7.PMH ??={}; SR7.PMH[\"SR7_1_1\"] = {cn:100,state:false,fn: function() { if (_tpt!==undefined && _tpt.prepareModuleHeight !== undefined) {  _tpt.prepareModuleHeight({id:\"SR7_1_1\",el:[900,900,768,960,720],type:'hero',shdw:'0',gh:[900,900,743,565,349],gw:[1240,1240,1024,778,480],vpt:['-100px'],size:{fullWidth:true, fullHeight:true},fho:'',mh:'0',onh:0,onw:0,bg:{color:'{\"orig\":\"transparent\",\"type\":\"solid\",\"string\":\"transparent\"}'}});   SR7.PMH[\"SR7_1_1\"].state=true;} else if(SR7.PMH[\"SR7_1_1\"].cn-->0)\tsetTimeout( SR7.PMH[\"SR7_1_1\"].fn,19);}};SR7.PMH[\"SR7_1_1\" ].fn();\n\t\t\t\t<\/script>\n[\/vc_column][\/vc_row][vc_row full_width=&#8221;stretch_row_content_no_spaces&#8221; woodmart_stretch_content=&#8221;section-stretch-content-no-pd&#8221; woodmart_css_id=&#8221;699f2e39acc37&#8243; responsive_spacing=&#8221;eyJwYXJhbV90eXBlIjoid29vZG1hcnRfcmVzcG9uc2l2ZV9zcGFjaW5nIiwic2VsZWN0b3JfaWQiOiI2OTlmMmUzOWFjYzM3Iiwic2hvcnRjb2RlIjoidmNfcm93IiwiZGF0YSI6eyJ0YWJsZXQiOnt9LCJtb2JpbGUiOnt9fX0=&#8221; mobile_bg_img_hidden=&#8221;no&#8221; tablet_bg_img_hidden=&#8221;no&#8221; woodmart_parallax=&#8221;0&#8243; woodmart_gradient_switch=&#8221;no&#8221; woodmart_box_shadow=&#8221;no&#8221; wd_z_index=&#8221;no&#8221; woodmart_disable_overflow=&#8221;0&#8243; row_reverse_mobile=&#8221;0&#8243; row_reverse_tablet=&#8221;0&#8243; el_class=&#8221;mobile-video&#8221;][vc_column]\n\t\t\t\t<p class=\"rs-p-wp-fix\"><\/p>\n\t\t\t\t<sr7-module data-alias=\"mb-production-video-11\" data-id=\"3\" id=\"SR7_3_2\" class=\"rs-ov-hidden\" data-version=\"6.7.40\">\n\t\t\t\t\t<sr7-adjuster><\/sr7-adjuster>\n\t\t\t\t\t<sr7-content>\n\t\t\t\t\t\t<sr7-slide id=\"SR7_3_2-5\" data-key=\"5\">\n\t\t\t\t\t\t\t<sr7-bg id=\"SR7_3_2-5-7\" class=\"sr7-layer\"><noscript><img decoding=\"async\" src=\"http:\/\/marcobelardiproduction.com\/wp\/wp-content\/uploads\/revslider\/video-media\/logo-mb-production_1.jpeg\" alt=\"\" title=\"logo-mb-production_1.jpeg\"><\/noscript><\/sr7-bg>\n\t\t\t\t\t\t\t<sr7-txt id=\"play-video-btn\" class=\"sr7-layer\">START HERE<\/sr7-txt>\n\t\t\t\t\t\t<\/sr7-slide>\n\t\t\t\t\t\t<sr7-slide id=\"SR7_3_2-6\" data-key=\"6\">\n\t\t\t\t\t\t<\/sr7-slide>\n\t\t\t\t\t<\/sr7-content>\n\t\t\t\t\t<image_lists style=\"display:none\">\n\t\t\t\t\t\t<img data-src=\"\/\/marcobelardiproduction.com\/wp\/wp-content\/uploads\/revslider\/video-media\/logo-mb-production_1.jpeg\" data-libid=\"29\" data-lib=\"medialibrary\" title=\"logo-mb-production_1.jpeg\" width=\"0\" height=\"0\" data-dbsrc=\"Ly9tYXJjb2JlbGFyZGlwcm9kdWN0aW9uLmNvbS93cC93cC1jb250ZW50L3VwbG9hZHMvcmV2c2xpZGVyL3ZpZGVvLW1lZGlhL2xvZ28tbWItcHJvZHVjdGlvbl8xLmpwZWc=\"\/>\n\t\t\t\t\t<\/image_lists>\n\t\t\t\t<\/sr7-module>\n\t\t\t\t<script>\n\t\t\t\t\tSR7.PMH ??={}; SR7.PMH[\"SR7_3_2\"] = {cn:100,state:false,fn: function() { if (_tpt!==undefined && _tpt.prepareModuleHeight !== undefined) {  _tpt.prepareModuleHeight({id:\"SR7_3_2\",el:[900,900,900,900,720],type:'hero',shdw:'0',gh:[900,900,900,900,720],gw:[1240,1240,1240,1240,480],vpt:['-100px&#039;,&#039;-100px&#039;,&#039;-100px&#039;,&#039;-100px&#039;,&#039;-100px'],size:{fullWidth:true, fullHeight:true},fho:'',mh:'0',onh:0,onw:0,bg:{color:'{\"orig\":\"transparent\",\"type\":\"solid\",\"string\":\"transparent\"}'}});   SR7.PMH[\"SR7_3_2\"].state=true;} else if(SR7.PMH[\"SR7_3_2\"].cn-->0)\tsetTimeout( SR7.PMH[\"SR7_3_2\"].fn,19);}};SR7.PMH[\"SR7_3_2\" ].fn();\n\t\t\t\t<\/script>\n[\/vc_column][\/vc_row][vc_row full_width=&#8221;stretch_row&#8221; equal_height=&#8221;yes&#8221; content_placement=&#8221;middle&#8221; disable_element=&#8221;yes&#8221; woodmart_stretch_content=&#8221;section-stretch&#8221; woodmart_css_id=&#8221;698a101a90870&#8243; responsive_spacing=&#8221;eyJwYXJhbV90eXBlIjoid29vZG1hcnRfcmVzcG9uc2l2ZV9zcGFjaW5nIiwic2VsZWN0b3JfaWQiOiI2OThhMTAxYTkwODcwIiwic2hvcnRjb2RlIjoidmNfcm93IiwiZGF0YSI6eyJ0YWJsZXQiOnt9LCJtb2JpbGUiOnt9fX0=&#8221; mobile_bg_img_hidden=&#8221;no&#8221; tablet_bg_img_hidden=&#8221;no&#8221; woodmart_parallax=&#8221;0&#8243; woodmart_gradient_switch=&#8221;no&#8221; woodmart_box_shadow=&#8221;no&#8221; wd_z_index=&#8221;no&#8221; woodmart_disable_overflow=&#8221;0&#8243; row_reverse_mobile=&#8221;0&#8243; row_reverse_tablet=&#8221;0&#8243; el_class=&#8221;marco-belardi-intro&#8221;][vc_column width=&#8221;1\/12&#8243;][\/vc_column][vc_column width=&#8221;4\/12&#8243;][vc_column_text css=&#8221;&#8221; woodmart_inline=&#8221;no&#8221; text_larger=&#8221;no&#8221;]<\/p>\n<h1>Marco<br \/>\nBelardi<\/h1>\n<h2>Fondatore e Ceo di<br \/>\n<strong>Marco Belardi Production<\/strong><\/h2>\n<p>Marco Belardi \u00e8 un produttore italiano che ha realizzato numerosi successi, tra cui &#8220;Perfetti sconosciuti&#8221;&#8216;, entrato nel Guinness dei primati come film pi\u00f9 riadattato al mondo, &#8220;A casa tutti bene&#8221; diretto da Gabriele Muccino e la serie &#8220;I leoni di Sicilia&#8221; prodotta con Disney. Nel dicembre 2021, Belardi ha lasciato Lotus Production e Leone Film Group per fondare Greenboo Production. Nel 2025 apre un nuovo capitolo fondando la Marco Belardi Production.[\/vc_column_text][\/vc_column][vc_column width=&#8221;7\/12&#8243;][vc_single_image image=&#8221;32&#8243; img_size=&#8221;full&#8221; css=&#8221;&#8221; parallax_scroll=&#8221;no&#8221; woodmart_inline=&#8221;no&#8221;][\/vc_column][\/vc_row][vc_row full_width=&#8221;stretch_row&#8221; disable_element=&#8221;yes&#8221; woodmart_stretch_content=&#8221;section-stretch&#8221; el_class=&#8221;marco-belardi-biography&#8221; woodmart_css_id=&#8221;698a101fb0aaf&#8221; responsive_spacing=&#8221;eyJwYXJhbV90eXBlIjoid29vZG1hcnRfcmVzcG9uc2l2ZV9zcGFjaW5nIiwic2VsZWN0b3JfaWQiOiI2OThhMTAxZmIwYWFmIiwic2hvcnRjb2RlIjoidmNfcm93IiwiZGF0YSI6eyJ0YWJsZXQiOnt9LCJtb2JpbGUiOnt9fX0=&#8221; mobile_bg_img_hidden=&#8221;no&#8221; tablet_bg_img_hidden=&#8221;no&#8221; woodmart_parallax=&#8221;0&#8243; woodmart_gradient_switch=&#8221;no&#8221; woodmart_box_shadow=&#8221;no&#8221; wd_z_index=&#8221;no&#8221; woodmart_disable_overflow=&#8221;0&#8243; row_reverse_mobile=&#8221;0&#8243; row_reverse_tablet=&#8221;0&#8243;][vc_column width=&#8221;1\/2&#8243;][vc_column_text css=&#8221;&#8221; woodmart_inline=&#8221;no&#8221; text_larger=&#8221;no&#8221;]Nato nel 1973, Marco Belardi \u00e8 da sempre appassionato di cinema. Si \u00e8 diplomato presso l&#8217;Istituto Roberto Rossellini per il cinema e la televisione di Roma. Subito dopo la scuola ha iniziato a frequentare gli studi cinematografici di Cinecitt\u00e0 e a collaborare con diverse agenzie di spettacolo. Dopo aver fondato il gruppo di post-produzione Immaginando nel 1996, nel 1999 \u00e8 stato uno dei due soci fondatori di SunFlower Production, una nuova societ\u00e0 attiva nel settore televisivo e dell&#8217;intrattenimento. Nel 2003 nasce Hangar, mentre<strong> nel 2004 Belardi fonda Lotus Production,<\/strong> la societ\u00e0 che segna il suo successo nel mondo del cinema e dello spettacolo.<br \/>\nNumerosi i film da lui prodotti: dopo &#8220;Amore 14&#8221; di Federico Moccia, il successo arriva con &#8220;Immaturi&#8221; di Paolo Genovese (2010), &#8220;Immaturi &#8211; Il viaggio&#8221; (2012), &#8220;Una famiglia perfetta&#8221; (2012), &#8220;Tutta colpa di Freud&#8221; (2014), &#8220;The Place&#8221; (2017), &#8220;Supereroi&#8221; (2021), &#8220;Il primo giorno della mia vita&#8221; (2022). Tutti titoli firmati da Genovese.<strong> Il film di maggior successo \u00e8 stato &#8220;Perfetti sconosciuti&#8221; (2016), che ha incassato oltre 16 milioni di euro al botteghino italiano ed \u00e8 il film italiano con pi\u00f9 remake nella storia del cinema internazionale.<\/strong><br \/>\nNel 2015 il Leone Film Group acquisisce Lotus Production; in questa nuova veste Belardi avvia collaborazioni con registi come Paolo Virz\u00ec e Gabriele Muccino. Tra i film prodotti sotto la loro direzione: &#8220;La pazza gioia&#8221; (2016) e &#8220;Notti magiche&#8221; (2018) diretti da Paolo Virzi; &#8220;A casa tutti bene&#8221; (2018), &#8220;Gli anni pi\u00f9 belli&#8221; (2020), &#8220;A casa tutti bene &#8211; La serie&#8221; (2021) diretti da Gabriele Muccino.[\/vc_column_text][\/vc_column][vc_column width=&#8221;1\/2&#8243;][vc_column_text css=&#8221;&#8221; woodmart_inline=&#8221;no&#8221; text_larger=&#8221;no&#8221;]Nel 2024 ha co-prodotto con Martin Scorsese &#8220;ALDEAS&#8221;, un documentario commissionato da Papa Francesco. Per Scorsese ha curato anche la produzione esecutiva della serie &#8220;The Saints&#8221;. Tra gli altri film e serie TV prodotti da Greenboo Production &#8220;A testa Alta&#8221; che si rivela essere la serie TV trasmessa su Mediaset di maggior successo degli ultimi quindici anni. Di Lotus Production: &#8220;Ti ricordi di me di Rolando Ravelo (2014), &#8216;Ti sposo ma non troppo&#8221; di Gabriele Pignotta (2014), &#8220;Italiano medio&#8221; di Maccio Capatonda (2015), &#8220;Le leggi del desiderio&#8221; di Silvio Muccino (2015), &#8220;Il professor Cenerentolo&#8221; di Leonardo Pieraccioni (2015), &#8220;Miami Beach&#8221; di Carlo Vanzina (2016), &#8220;Quel bravo ragazzo&#8221; di Enrico Lando (2016), &#8220;Omicidio all&#8217;italiana&#8221; di Maccio Capatonda (2017), Hotel Gagarin di Simone Spada (2018), Vivere di Francesca Archibugi (2019), La volta buona di Vincenzo Marra (2019), Time is up di Elisa Amoruso (2021), &#8220;Mio fratello, mia sorella&#8221; di Roberto Capucci (2021), &#8220;Pertutta la vita&#8221; di Paolo Costela (2021), &#8220;Vicini di casa&#8221; di Paolo Costela (2022), &#8220;Mia&#8221; di Ivano De Mateo (2022), &#8220;The Land of Dreams&#8221; di Nicola Abbatangelo (2022), &#8220;Felicit\u00e0&#8221; di Micaela Ramazzoti (2022), &#8220;The Generi&#8221; di Maccio Capatonda (2018), &#8220;Alfredino&#8221; di Marco Pontecorvo (serie TV &#8211; 2021), &#8220;Immaturi &#8211; La serie&#8221; (2018), &#8220;Tutta colpa di Freud &#8211; La serie&#8221; (2021), &#8220;Carlo!&#8221; (docufilm, 2012), &#8220;Ben: respira!&#8221; (docufilm, 2021), &#8220;Emma&#8221; (docufilm, 2022).[\/vc_column_text][\/vc_column][\/vc_row][vc_row disable_element=&#8221;yes&#8221; woodmart_css_id=&#8221;6985dfa946808&#8243; responsive_spacing=&#8221;eyJwYXJhbV90eXBlIjoid29vZG1hcnRfcmVzcG9uc2l2ZV9zcGFjaW5nIiwic2VsZWN0b3JfaWQiOiI2OTg1ZGZhOTQ2ODA4Iiwic2hvcnRjb2RlIjoidmNfcm93IiwiZGF0YSI6eyJ0YWJsZXQiOnt9LCJtb2JpbGUiOnt9fX0=&#8221; mobile_bg_img_hidden=&#8221;no&#8221; tablet_bg_img_hidden=&#8221;no&#8221; woodmart_parallax=&#8221;0&#8243; woodmart_gradient_switch=&#8221;no&#8221; woodmart_box_shadow=&#8221;no&#8221; wd_z_index=&#8221;no&#8221; woodmart_disable_overflow=&#8221;0&#8243; row_reverse_mobile=&#8221;0&#8243; row_reverse_tablet=&#8221;0&#8243;][vc_column]\t\t<div id=\"gallery_160\" class=\"wd-images-gallery wd-wpb wd-rs-6985df38191d1 wd-enabled-width photoswipe-images wd-carousel-container wd-wpb\" style=\"--wd-justify-content:center;--wd-align-items:center;\">\n\t\t\t\t\t\t\t<div class=\"wd-carousel-inner\">\n\t\t\t\n\t\t\t<div class=\" wd-carousel wd-grid\"data-speed=\"5000\" data-wrap=\"yes\" data-autoplay=\"yes\" data-scroll_per_page=\"yes\" style=\"--wd-col-lg:1;--wd-col-md:1;--wd-col-sm:1;--wd-gap-lg:0px;\">\n\t\t\t\t\t\t\t\t\t<div class=\"wd-carousel-wrap\">\n\t\t\t\t\n\t\t\t\t\t\t\t\t\t\t\t\t\t\t\t<div class=\"wd-gallery-item wd-carousel-item\">\n\t\t\t\t\t\t\t\t\t\t\t\t\t\t<a href=\"https:\/\/marcobelardiproduction.com\/wp\/wp-content\/uploads\/2026\/02\/marco-belardi-david-donatello.jpg\" data-elementor-open-lightbox=\"no\" data-index=\"1\" data-width=\"2200\" data-height=\"1555\" \n\t\t\t\t\t\t\t\t\t\t\t\t >\n\t\t\t\t\t\t\t\t\n\t\t\t\t\t\t\t\t<img loading=\"lazy\" decoding=\"async\" width=\"2200\" height=\"1555\" src=\"https:\/\/marcobelardiproduction.com\/wp\/wp-content\/uploads\/2026\/02\/marco-belardi-david-donatello.jpg\" class=\"wd-gallery-image image-1\" alt=\"\" \/>\n\t\t\t\t\t\t\t\t\t\t\t\t\t\t\t<\/a>\n\t\t\t\t\t\t\t\t\t\t\t\t<\/div>\n\t\t\t\t\t\t\t\t\t\t\t<div class=\"wd-gallery-item wd-carousel-item\">\n\t\t\t\t\t\t\t\t\t\t\t\t\t\t<a href=\"https:\/\/marcobelardiproduction.com\/wp\/wp-content\/uploads\/2026\/02\/marco-belardi-perfetti-sconosciuti.jpg\" data-elementor-open-lightbox=\"no\" data-index=\"2\" data-width=\"2200\" data-height=\"1555\" \n\t\t\t\t\t\t\t\t\t\t\t\t >\n\t\t\t\t\t\t\t\t\n\t\t\t\t\t\t\t\t<img loading=\"lazy\" decoding=\"async\" width=\"2200\" height=\"1555\" src=\"https:\/\/marcobelardiproduction.com\/wp\/wp-content\/uploads\/2026\/02\/marco-belardi-perfetti-sconosciuti.jpg\" class=\"wd-gallery-image image-2\" alt=\"\" \/>\n\t\t\t\t\t\t\t\t\t\t\t\t\t\t\t<\/a>\n\t\t\t\t\t\t\t\t\t\t\t\t<\/div>\n\t\t\t\t\t\t\t\t\t\t\t<div class=\"wd-gallery-item wd-carousel-item\">\n\t\t\t\t\t\t\t\t\t\t\t\t\t\t<a href=\"https:\/\/marcobelardiproduction.com\/wp\/wp-content\/uploads\/2026\/02\/marco-belardi-films.jpg\" data-elementor-open-lightbox=\"no\" data-index=\"3\" data-width=\"2200\" data-height=\"1555\" \n\t\t\t\t\t\t\t\t\t\t\t\t >\n\t\t\t\t\t\t\t\t\n\t\t\t\t\t\t\t\t<img loading=\"lazy\" decoding=\"async\" width=\"2200\" height=\"1555\" src=\"https:\/\/marcobelardiproduction.com\/wp\/wp-content\/uploads\/2026\/02\/marco-belardi-films.jpg\" class=\"wd-gallery-image image-3\" alt=\"\" \/>\n\t\t\t\t\t\t\t\t\t\t\t\t\t\t\t<\/a>\n\t\t\t\t\t\t\t\t\t\t\t\t<\/div>\n\t\t\t\t\t\t\t\t\t\t\t<div class=\"wd-gallery-item wd-carousel-item\">\n\t\t\t\t\t\t\t\t\t\t\t\t\t\t<a href=\"https:\/\/marcobelardiproduction.com\/wp\/wp-content\/uploads\/2026\/02\/marco-belardi-diamanti.jpg\" data-elementor-open-lightbox=\"no\" data-index=\"4\" data-width=\"2200\" data-height=\"1555\" \n\t\t\t\t\t\t\t\t\t\t\t\t >\n\t\t\t\t\t\t\t\t\n\t\t\t\t\t\t\t\t<img loading=\"lazy\" decoding=\"async\" width=\"2200\" height=\"1555\" src=\"https:\/\/marcobelardiproduction.com\/wp\/wp-content\/uploads\/2026\/02\/marco-belardi-diamanti.jpg\" class=\"wd-gallery-image image-4\" alt=\"\" \/>\n\t\t\t\t\t\t\t\t\t\t\t\t\t\t\t<\/a>\n\t\t\t\t\t\t\t\t\t\t\t\t<\/div>\n\t\t\t\t\t\t\t\t\t\n\t\t\t\t\t\t\t\t\t<\/div>\n\t\t\t\t\t\t\t<\/div>\n\n\t\t\t\t\t\t\t\n\t\t\t\t<\/div>\n\n\t\t\t\t\t\t\t\t\t\t\t\t\t<\/div>\n\t\t[\/vc_column][\/vc_row][vc_row disable_element=&#8221;yes&#8221; woodmart_css_id=&#8221;698a1025af86d&#8221; responsive_spacing=&#8221;eyJwYXJhbV90eXBlIjoid29vZG1hcnRfcmVzcG9uc2l2ZV9zcGFjaW5nIiwic2VsZWN0b3JfaWQiOiI2OThhMTAyNWFmODZkIiwic2hvcnRjb2RlIjoidmNfcm93IiwiZGF0YSI6eyJ0YWJsZXQiOnt9LCJtb2JpbGUiOnt9fX0=&#8221; mobile_bg_img_hidden=&#8221;no&#8221; tablet_bg_img_hidden=&#8221;no&#8221; woodmart_parallax=&#8221;0&#8243; woodmart_gradient_switch=&#8221;no&#8221; woodmart_box_shadow=&#8221;no&#8221; wd_z_index=&#8221;no&#8221; woodmart_disable_overflow=&#8221;0&#8243; row_reverse_mobile=&#8221;0&#8243; row_reverse_tablet=&#8221;0&#8243; el_class=&#8221;marco-belardi-films&#8221;][vc_column width=&#8221;1\/2&#8243;][vc_single_image image=&#8221;22&#8243; img_size=&#8221;full&#8221; css_animation=&#8221;fadeIn&#8221; css=&#8221;&#8221; parallax_scroll=&#8221;no&#8221; woodmart_inline=&#8221;no&#8221;][\/vc_column][vc_column width=&#8221;1\/2&#8243;][vc_single_image image=&#8221;25&#8243; img_size=&#8221;full&#8221; css_animation=&#8221;fadeIn&#8221; css=&#8221;&#8221; parallax_scroll=&#8221;no&#8221; woodmart_inline=&#8221;no&#8221;][\/vc_column][\/vc_row][vc_row disable_element=&#8221;yes&#8221; woodmart_css_id=&#8221;698a102b29ed8&#8243; responsive_spacing=&#8221;eyJwYXJhbV90eXBlIjoid29vZG1hcnRfcmVzcG9uc2l2ZV9zcGFjaW5nIiwic2VsZWN0b3JfaWQiOiI2OThhMTAyYjI5ZWQ4Iiwic2hvcnRjb2RlIjoidmNfcm93IiwiZGF0YSI6eyJ0YWJsZXQiOnt9LCJtb2JpbGUiOnt9fX0=&#8221; mobile_bg_img_hidden=&#8221;no&#8221; tablet_bg_img_hidden=&#8221;no&#8221; woodmart_parallax=&#8221;0&#8243; woodmart_gradient_switch=&#8221;no&#8221; woodmart_box_shadow=&#8221;no&#8221; wd_z_index=&#8221;no&#8221; woodmart_disable_overflow=&#8221;0&#8243; row_reverse_mobile=&#8221;0&#8243; row_reverse_tablet=&#8221;0&#8243; el_class=&#8221;marco-belardi-films&#8221;][vc_column width=&#8221;1\/2&#8243;][vc_single_image image=&#8221;24&#8243; img_size=&#8221;full&#8221; css_animation=&#8221;fadeIn&#8221; css=&#8221;&#8221; parallax_scroll=&#8221;no&#8221; woodmart_inline=&#8221;no&#8221;][\/vc_column][vc_column width=&#8221;1\/2&#8243;][vc_single_image image=&#8221;23&#8243; img_size=&#8221;full&#8221; css_animation=&#8221;fadeIn&#8221; css=&#8221;&#8221; parallax_scroll=&#8221;no&#8221; woodmart_inline=&#8221;no&#8221;][\/vc_column][\/vc_row]<\/p>\n<\/div>","protected":false},"excerpt":{"rendered":"<p>[vc_row full_width=&#8221;stretch_row_content_no_spaces&#8221; woodmart_stretch_content=&#8221;section-stretch-content-no-pd&#8221; woodmart_css_id=&#8221;699f2e2087fae&#8221; responsive_spacing=&#8221;eyJwYXJhbV90eXBlIjoid29vZG1hcnRfcmVzcG9uc2l2ZV9zcGFjaW5nIiwic2VsZWN0b3JfaWQiOiI2OTlmMmUyMDg3ZmFlIiwic2hvcnRjb2RlIjoidmNfcm93IiwiZGF0YSI6eyJ0YWJsZXQiOnt9LCJtb2JpbGUiOnt9fX0=&#8221; mobile_bg_img_hidden=&#8221;no&#8221; tablet_bg_img_hidden=&#8221;no&#8221; woodmart_parallax=&#8221;0&#8243; woodmart_gradient_switch=&#8221;no&#8221; woodmart_box_shadow=&#8221;no&#8221; wd_z_index=&#8221;no&#8221; woodmart_disable_overflow=&#8221;0&#8243; row_reverse_mobile=&#8221;0&#8243; row_reverse_tablet=&#8221;0&#8243; el_class=&#8221;desktop-video&#8221;][vc_column][\/vc_column][\/vc_row][vc_row full_width=&#8221;stretch_row_content_no_spaces&#8221; woodmart_stretch_content=&#8221;section-stretch-content-no-pd&#8221; woodmart_css_id=&#8221;699f2e39acc37&#8243; responsive_spacing=&#8221;eyJwYXJhbV90eXBlIjoid29vZG1hcnRfcmVzcG9uc2l2ZV9zcGFjaW5nIiwic2VsZWN0b3JfaWQiOiI2OTlmMmUzOWFjYzM3Iiwic2hvcnRjb2RlIjoidmNfcm93IiwiZGF0YSI6eyJ0YWJsZXQiOnt9LCJtb2JpbGUiOnt9fX0=&#8221; mobile_bg_img_hidden=&#8221;no&#8221;<\/p>\n","protected":false},"author":1,"featured_media":0,"parent":0,"menu_order":0,"comment_status":"closed","ping_status":"closed","template":"","meta":{"footnotes":""},"class_list":["post-10","page","type-page","status-publish","hentry"],"_links":{"self":[{"href":"https:\/\/marcobelardiproduction.com\/wp\/index.php?rest_route=\/wp\/v2\/pages\/10","targetHints":{"allow":["GET"]}}],"collection":[{"href":"https:\/\/marcobelardiproduction.com\/wp\/index.php?rest_route=\/wp\/v2\/pages"}],"about":[{"href":"https:\/\/marcobelardiproduction.com\/wp\/index.php?rest_route=\/wp\/v2\/types\/page"}],"author":[{"embeddable":true,"href":"https:\/\/marcobelardiproduction.com\/wp\/index.php?rest_route=\/wp\/v2\/users\/1"}],"replies":[{"embeddable":true,"href":"https:\/\/marcobelardiproduction.com\/wp\/index.php?rest_route=%2Fwp%2Fv2%2Fcomments&post=10"}],"version-history":[{"count":28,"href":"https:\/\/marcobelardiproduction.com\/wp\/index.php?rest_route=\/wp\/v2\/pages\/10\/revisions"}],"predecessor-version":[{"id":121,"href":"https:\/\/marcobelardiproduction.com\/wp\/index.php?rest_route=\/wp\/v2\/pages\/10\/revisions\/121"}],"wp:attachment":[{"href":"https:\/\/marcobelardiproduction.com\/wp\/index.php?rest_route=%2Fwp%2Fv2%2Fmedia&parent=10"}],"curies":[{"name":"wp","href":"https:\/\/api.w.org\/{rel}","templated":true}]}}